{"id":182,"date":"2026-03-17T11:18:58","date_gmt":"2026-03-17T11:18:58","guid":{"rendered":"https:\/\/www.pide15.fi\/?page_id=182"},"modified":"2026-03-25T15:41:25","modified_gmt":"2026-03-25T13:41:25","slug":"pide-yhteystiedot","status":"publish","type":"page","link":"https:\/\/www.pide15.fi\/?page_id=182","title":{"rendered":"Y H T E Y S T I E D O T"},"content":{"rendered":"\n<p class=\"has-text-align-center\">S\u00e4hk\u00f6posti &#8211; info@pide15.fi <\/p>\n\n\n\n<p class=\"has-text-align-center\">Keikat &#8211; keikat@pide15.fi<\/p>\n\n\n\n<hr class=\"wp-block-separator has-alpha-channel-opacity\"\/>\n\n\n\n<p class=\"has-text-align-center\">Somet:<\/p>\n\n\n\n<ul class=\"wp-block-list\">\n<li><a href=\"https:\/\/www.instagram.com\/pideviistoist\/\" data-type=\"link\" data-id=\"https:\/\/www.instagram.com\/pideviistoist\/\">Instagram<\/a><\/li>\n\n\n\n<li><a href=\"https:\/\/www.tiktok.com\/@pideviistoist\" data-type=\"link\" data-id=\"https:\/\/www.tiktok.com\/@pideviistoist\">TikTok<\/a><\/li>\n\n\n\n<li><a href=\"https:\/\/www.facebook.com\/profile.php?id=61581878162027\" data-type=\"link\" data-id=\"https:\/\/www.facebook.com\/profile.php?id=61581878162027\">Facebook<\/a><\/li>\n\n\n\n<li><a href=\"https:\/\/www.threads.com\/@pideviistoist?hl=fi\" data-type=\"link\" data-id=\"https:\/\/www.threads.com\/@pideviistoist?hl=fi\">Threads<\/a><\/li>\n<\/ul>\n\n\n\n<hr class=\"wp-block-separator has-alpha-channel-opacity\"\/>\n\n\n\n<p class=\"has-text-align-center\">Suoratoistot:<\/p>\n\n\n\n<ul class=\"wp-block-list\">\n<li><a href=\"https:\/\/open.spotify.com\/artist\/11BtXHtHmJk50ovrTo8ksb?si=B8MF4xyCRI-MlsUhEImR7Q\" data-type=\"link\" data-id=\"https:\/\/open.spotify.com\/artist\/11BtXHtHmJk50ovrTo8ksb?si=B8MF4xyCRI-MlsUhEImR7Q\">Spotify<\/a><\/li>\n\n\n\n<li><a href=\"https:\/\/music.apple.com\/fi\/artist\/pide\/1639914305?l=fi\" data-type=\"link\" data-id=\"https:\/\/open.spotify.com\/artist\/11BtXHtHmJk50ovrTo8ksb?si=B8MF4xyCRI-MlsUhEImR7Q\">Apple Music<\/a><\/li>\n\n\n\n<li><a href=\"https:\/\/music.youtube.com\/channel\/UCfdUQaaiUDUZhSuZT8wefQw?si=2iOz9AO_Kux9h0dk\" data-type=\"link\" data-id=\"https:\/\/music.youtube.com\/channel\/UCfdUQaaiUDUZhSuZT8wefQw?si=2iOz9AO_Kux9h0dk\">YouTube Music<\/a><\/li>\n<\/ul>\n\n\n\n<div class=\"wp-block-group is-nowrap is-layout-flex wp-container-core-group-is-layout-6c531013 wp-block-group-is-layout-flex\">\n<div style=\"height:100px;width:0px\" aria-hidden=\"true\" class=\"wp-block-spacer wp-container-content-6388d5dc\"><\/div>\n\n\n\n<p class=\"has-text-align-center\">PiDE l\u00f6ytyy my\u00f6s palveluista Deezer, Tidal, iTunes, Amazon Music, ja niin edelleen&#8230;<\/p>\n\n\n\n<div style=\"height:100px;width:0px\" aria-hidden=\"true\" class=\"wp-block-spacer wp-container-content-6388d5dc\"><\/div>\n<\/div>\n\n\n\n<hr class=\"wp-block-separator has-alpha-channel-opacity\"\/>\n\n\n\n<p class=\"has-text-align-center\">Musiikkivideot &#8211; <a href=\"https:\/\/www.youtube.com\/@pideviistoist\" data-type=\"link\" data-id=\"https:\/\/www.youtube.com\/@pideviistoist\">YouTube<\/a><\/p>\n","protected":false},"excerpt":{"rendered":"<p>S\u00e4hk\u00f6posti &#8211; info@pide15.fi Keikat &#8211; keikat@pide15.fi Somet: Suoratoistot: PiDE l\u00f6ytyy my\u00f6s palveluista Deezer, Tidal, iTunes, Amazon Music, ja niin edelleen&#8230; Musiikkivideot &#8211; YouTube<\/p>\n","protected":false},"author":1,"featured_media":0,"parent":0,"menu_order":0,"comment_status":"closed","ping_status":"closed","template":"page-alternative","meta":{"footnotes":""},"class_list":["post-182","page","type-page","status-publish","hentry"],"yoast_head":"<!-- This site is optimized with the Yoast SEO plugin v27.5 - https:\/\/yoast.com\/product\/yoast-seo-wordpress\/ -->\n<title>Y H T E Y S T I E D O T - PiDE<\/title>\n<meta name=\"description\" content=\"T\u00e4lt\u00e4 sivulta l\u00f6yd\u00e4t s\u00e4hk\u00f6postin mill\u00e4 ottaa PiDEen yhteytt\u00e4, keikkamyynnin, PiDEn somet sek\u00e4 suoratoistot, ja YouTube-linkin musiikkivideoita varten.\" \/>\n<meta name=\"robots\" content=\"index, follow, max-snippet:-1, max-image-preview:large, max-video-preview:-1\" \/>\n<link rel=\"canonical\" href=\"https:\/\/www.pide15.fi\/?page_id=182\" \/>\n<meta property=\"og:locale\" content=\"fi_FI\" \/>\n<meta property=\"og:type\" content=\"article\" \/>\n<meta property=\"og:title\" content=\"Y H T E Y S T I E D O T - PiDE\" \/>\n<meta property=\"og:description\" content=\"T\u00e4lt\u00e4 sivulta l\u00f6yd\u00e4t s\u00e4hk\u00f6postin mill\u00e4 ottaa PiDEen yhteytt\u00e4, keikkamyynnin, PiDEn somet sek\u00e4 suoratoistot, ja YouTube-linkin musiikkivideoita varten.\" \/>\n<meta property=\"og:url\" content=\"https:\/\/www.pide15.fi\/?page_id=182\" \/>\n<meta property=\"og:site_name\" content=\"PiDE\" \/>\n<meta property=\"article:modified_time\" content=\"2026-03-25T13:41:25+00:00\" \/>\n<meta name=\"twitter:card\" content=\"summary_large_image\" \/>\n<meta name=\"twitter:label1\" content=\"Arvioitu lukuaika\" \/>\n\t<meta name=\"twitter:data1\" content=\"1 minuutti\" \/>\n<script type=\"application\/ld+json\" class=\"yoast-schema-graph\">{\"@context\":\"https:\\\/\\\/schema.org\",\"@graph\":[{\"@type\":[\"WebPage\",\"ContactPage\"],\"@id\":\"https:\\\/\\\/www.pide15.fi\\\/?page_id=182\",\"url\":\"https:\\\/\\\/www.pide15.fi\\\/?page_id=182\",\"name\":\"Y H T E Y S T I E D O T - PiDE\",\"isPartOf\":{\"@id\":\"https:\\\/\\\/www.pide15.fi\\\/#website\"},\"datePublished\":\"2026-03-17T11:18:58+00:00\",\"dateModified\":\"2026-03-25T13:41:25+00:00\",\"description\":\"T\u00e4lt\u00e4 sivulta l\u00f6yd\u00e4t s\u00e4hk\u00f6postin mill\u00e4 ottaa PiDEen yhteytt\u00e4, keikkamyynnin, PiDEn somet sek\u00e4 suoratoistot, ja YouTube-linkin musiikkivideoita varten.\",\"breadcrumb\":{\"@id\":\"https:\\\/\\\/www.pide15.fi\\\/?page_id=182#breadcrumb\"},\"inLanguage\":\"fi\",\"potentialAction\":[{\"@type\":\"ReadAction\",\"target\":[\"https:\\\/\\\/www.pide15.fi\\\/?page_id=182\"]}]},{\"@type\":\"BreadcrumbList\",\"@id\":\"https:\\\/\\\/www.pide15.fi\\\/?page_id=182#breadcrumb\",\"itemListElement\":[{\"@type\":\"ListItem\",\"position\":1,\"name\":\"Etusivu\",\"item\":\"https:\\\/\\\/www.pide15.fi\\\/\"},{\"@type\":\"ListItem\",\"position\":2,\"name\":\"Y H T E Y S T I E D O T\"}]},{\"@type\":\"WebSite\",\"@id\":\"https:\\\/\\\/www.pide15.fi\\\/#website\",\"url\":\"https:\\\/\\\/www.pide15.fi\\\/\",\"name\":\"PiDE\",\"description\":\"YOUNG GUN - debyyttistudioalbumi ULKONA NYT!\",\"publisher\":{\"@id\":\"https:\\\/\\\/www.pide15.fi\\\/#organization\"},\"potentialAction\":[{\"@type\":\"SearchAction\",\"target\":{\"@type\":\"EntryPoint\",\"urlTemplate\":\"https:\\\/\\\/www.pide15.fi\\\/?s={search_term_string}\"},\"query-input\":{\"@type\":\"PropertyValueSpecification\",\"valueRequired\":true,\"valueName\":\"search_term_string\"}}],\"inLanguage\":\"fi\"},{\"@type\":\"Organization\",\"@id\":\"https:\\\/\\\/www.pide15.fi\\\/#organization\",\"name\":\"PiDE\",\"url\":\"https:\\\/\\\/www.pide15.fi\\\/\",\"logo\":{\"@type\":\"ImageObject\",\"inLanguage\":\"fi\",\"@id\":\"https:\\\/\\\/www.pide15.fi\\\/#\\\/schema\\\/logo\\\/image\\\/\",\"url\":\"https:\\\/\\\/www.pide15.fi\\\/wp-content\\\/uploads\\\/2026\\\/03\\\/PiDE-LOGO-WHITE-scaled.png\",\"contentUrl\":\"https:\\\/\\\/www.pide15.fi\\\/wp-content\\\/uploads\\\/2026\\\/03\\\/PiDE-LOGO-WHITE-scaled.png\",\"width\":2560,\"height\":1744,\"caption\":\"PiDE\"},\"image\":{\"@id\":\"https:\\\/\\\/www.pide15.fi\\\/#\\\/schema\\\/logo\\\/image\\\/\"}}]}<\/script>\n<!-- \/ Yoast SEO plugin. -->","yoast_head_json":{"title":"Y H T E Y S T I E D O T - PiDE","description":"T\u00e4lt\u00e4 sivulta l\u00f6yd\u00e4t s\u00e4hk\u00f6postin mill\u00e4 ottaa PiDEen yhteytt\u00e4, keikkamyynnin, PiDEn somet sek\u00e4 suoratoistot, ja YouTube-linkin musiikkivideoita varten.","robots":{"index":"index","follow":"follow","max-snippet":"max-snippet:-1","max-image-preview":"max-image-preview:large","max-video-preview":"max-video-preview:-1"},"canonical":"https:\/\/www.pide15.fi\/?page_id=182","og_locale":"fi_FI","og_type":"article","og_title":"Y H T E Y S T I E D O T - PiDE","og_description":"T\u00e4lt\u00e4 sivulta l\u00f6yd\u00e4t s\u00e4hk\u00f6postin mill\u00e4 ottaa PiDEen yhteytt\u00e4, keikkamyynnin, PiDEn somet sek\u00e4 suoratoistot, ja YouTube-linkin musiikkivideoita varten.","og_url":"https:\/\/www.pide15.fi\/?page_id=182","og_site_name":"PiDE","article_modified_time":"2026-03-25T13:41:25+00:00","twitter_card":"summary_large_image","twitter_misc":{"Arvioitu lukuaika":"1 minuutti"},"schema":{"@context":"https:\/\/schema.org","@graph":[{"@type":["WebPage","ContactPage"],"@id":"https:\/\/www.pide15.fi\/?page_id=182","url":"https:\/\/www.pide15.fi\/?page_id=182","name":"Y H T E Y S T I E D O T - PiDE","isPartOf":{"@id":"https:\/\/www.pide15.fi\/#website"},"datePublished":"2026-03-17T11:18:58+00:00","dateModified":"2026-03-25T13:41:25+00:00","description":"T\u00e4lt\u00e4 sivulta l\u00f6yd\u00e4t s\u00e4hk\u00f6postin mill\u00e4 ottaa PiDEen yhteytt\u00e4, keikkamyynnin, PiDEn somet sek\u00e4 suoratoistot, ja YouTube-linkin musiikkivideoita varten.","breadcrumb":{"@id":"https:\/\/www.pide15.fi\/?page_id=182#breadcrumb"},"inLanguage":"fi","potentialAction":[{"@type":"ReadAction","target":["https:\/\/www.pide15.fi\/?page_id=182"]}]},{"@type":"BreadcrumbList","@id":"https:\/\/www.pide15.fi\/?page_id=182#breadcrumb","itemListElement":[{"@type":"ListItem","position":1,"name":"Etusivu","item":"https:\/\/www.pide15.fi\/"},{"@type":"ListItem","position":2,"name":"Y H T E Y S T I E D O T"}]},{"@type":"WebSite","@id":"https:\/\/www.pide15.fi\/#website","url":"https:\/\/www.pide15.fi\/","name":"PiDE","description":"YOUNG GUN - debyyttistudioalbumi ULKONA NYT!","publisher":{"@id":"https:\/\/www.pide15.fi\/#organization"},"potentialAction":[{"@type":"SearchAction","target":{"@type":"EntryPoint","urlTemplate":"https:\/\/www.pide15.fi\/?s={search_term_string}"},"query-input":{"@type":"PropertyValueSpecification","valueRequired":true,"valueName":"search_term_string"}}],"inLanguage":"fi"},{"@type":"Organization","@id":"https:\/\/www.pide15.fi\/#organization","name":"PiDE","url":"https:\/\/www.pide15.fi\/","logo":{"@type":"ImageObject","inLanguage":"fi","@id":"https:\/\/www.pide15.fi\/#\/schema\/logo\/image\/","url":"https:\/\/www.pide15.fi\/wp-content\/uploads\/2026\/03\/PiDE-LOGO-WHITE-scaled.png","contentUrl":"https:\/\/www.pide15.fi\/wp-content\/uploads\/2026\/03\/PiDE-LOGO-WHITE-scaled.png","width":2560,"height":1744,"caption":"PiDE"},"image":{"@id":"https:\/\/www.pide15.fi\/#\/schema\/logo\/image\/"}}]}},"jetpack_sharing_enabled":true,"_links":{"self":[{"href":"https:\/\/www.pide15.fi\/index.php?rest_route=\/wp\/v2\/pages\/182","targetHints":{"allow":["GET"]}}],"collection":[{"href":"https:\/\/www.pide15.fi\/index.php?rest_route=\/wp\/v2\/pages"}],"about":[{"href":"https:\/\/www.pide15.fi\/index.php?rest_route=\/wp\/v2\/types\/page"}],"author":[{"embeddable":true,"href":"https:\/\/www.pide15.fi\/index.php?rest_route=\/wp\/v2\/users\/1"}],"replies":[{"embeddable":true,"href":"https:\/\/www.pide15.fi\/index.php?rest_route=%2Fwp%2Fv2%2Fcomments&post=182"}],"version-history":[{"count":21,"href":"https:\/\/www.pide15.fi\/index.php?rest_route=\/wp\/v2\/pages\/182\/revisions"}],"predecessor-version":[{"id":334,"href":"https:\/\/www.pide15.fi\/index.php?rest_route=\/wp\/v2\/pages\/182\/revisions\/334"}],"wp:attachment":[{"href":"https:\/\/www.pide15.fi\/index.php?rest_route=%2Fwp%2Fv2%2Fmedia&parent=182"}],"curies":[{"name":"wp","href":"https:\/\/api.w.org\/{rel}","templated":true}]}}