{"id":181,"date":"2026-03-17T11:18:58","date_gmt":"2026-03-17T11:18:58","guid":{"rendered":"https:\/\/www.pide15.fi\/?page_id=181"},"modified":"2026-04-22T20:39:40","modified_gmt":"2026-04-22T17:39:40","slug":"pide-julkaisut","status":"publish","type":"page","link":"https:\/\/www.pide15.fi\/?page_id=181","title":{"rendered":"J U L K A I S U T"},"content":{"rendered":"\n<div class=\"wp-block-group is-nowrap is-layout-flex wp-container-core-group-is-layout-6c531013 wp-block-group-is-layout-flex\">\n<div style=\"height:100px;width:0px\" aria-hidden=\"true\" class=\"wp-block-spacer wp-container-content-6388d5dc\"><\/div>\n\n\n\n<figure class=\"wp-block-image aligncenter size-full is-resized\"><img loading=\"lazy\" decoding=\"async\" width=\"2560\" height=\"2560\" src=\"https:\/\/www.pide15.fi\/wp-content\/uploads\/2026\/03\/Kopio-tiedostosta-Young_Gun_v03-scaled.jpg\" alt=\"\" class=\"wp-image-266\" style=\"width:378px;height:auto\" srcset=\"https:\/\/www.pide15.fi\/wp-content\/uploads\/2026\/03\/Kopio-tiedostosta-Young_Gun_v03-scaled.jpg 2560w, https:\/\/www.pide15.fi\/wp-content\/uploads\/2026\/03\/Kopio-tiedostosta-Young_Gun_v03-300x300.jpg 300w, https:\/\/www.pide15.fi\/wp-content\/uploads\/2026\/03\/Kopio-tiedostosta-Young_Gun_v03-1024x1024.jpg 1024w, https:\/\/www.pide15.fi\/wp-content\/uploads\/2026\/03\/Kopio-tiedostosta-Young_Gun_v03-150x150.jpg 150w, https:\/\/www.pide15.fi\/wp-content\/uploads\/2026\/03\/Kopio-tiedostosta-Young_Gun_v03-768x768.jpg 768w, https:\/\/www.pide15.fi\/wp-content\/uploads\/2026\/03\/Kopio-tiedostosta-Young_Gun_v03-1536x1536.jpg 1536w, https:\/\/www.pide15.fi\/wp-content\/uploads\/2026\/03\/Kopio-tiedostosta-Young_Gun_v03-2048x2048.jpg 2048w\" sizes=\"auto, (max-width: 2560px) 100vw, 2560px\" \/><figcaption class=\"wp-element-caption\"><em>Kuva: Verneri Klemettil\u00e4<\/em><\/figcaption><\/figure>\n\n\n\n<div style=\"height:100px;width:0px\" aria-hidden=\"true\" class=\"wp-block-spacer wp-container-content-6388d5dc\"><\/div>\n<\/div>\n\n\n\n<div class=\"wp-block-group is-content-justification-center is-nowrap is-layout-flex wp-container-core-group-is-layout-23441af8 wp-block-group-is-layout-flex\">\n<p class=\"has-text-align-center\"><mark style=\"background-color:rgba(0, 0, 0, 0);color:#31f1ff\" class=\"has-inline-color\"><strong>YOUNG GUN<\/strong><\/mark> ULKONA NYT!<\/p>\n<\/div>\n\n\n\n<hr class=\"wp-block-separator has-alpha-channel-opacity\"\/>\n\n\n\n<div class=\"wp-block-group is-nowrap is-layout-flex wp-container-core-group-is-layout-6c531013 wp-block-group-is-layout-flex\">\n<div style=\"height:100px;width:0px\" aria-hidden=\"true\" class=\"wp-block-spacer wp-container-content-6388d5dc\"><\/div>\n\n\n\n<p class=\"has-small-font-size\">&#8221;<strong>YOUNG GUN<\/strong>&#8221; on PiDEn <em>debyyttistudioalbumi<\/em>, joka julkaistaan <strong>10.04.2026<\/strong>. Albumi sis\u00e4lt\u00e4\u00e4 <em>16 kappaletta, 5 musiikkivideota ja selostusversion<\/em>.<\/p>\n\n\n\n<div style=\"height:100px;width:0px\" aria-hidden=\"true\" class=\"wp-block-spacer wp-container-content-6388d5dc\"><\/div>\n<\/div>\n\n\n\n<div class=\"wp-block-group is-nowrap is-layout-flex wp-container-core-group-is-layout-6c531013 wp-block-group-is-layout-flex\">\n<div style=\"height:100px;width:5px\" aria-hidden=\"true\" class=\"wp-block-spacer wp-container-content-b0964dc8\"><\/div>\n\n\n\n<div style=\"height:100px;width:48px\" aria-hidden=\"true\" class=\"wp-block-spacer wp-container-content-1abe4828\"><\/div>\n\n\n\n<p class=\"has-small-font-size\"><strong>YOUNG GUN<\/strong> &#8211; on monta erilaista tunnetta her\u00e4tt\u00e4v\u00e4 kokonaisuus, joka ei anna kuulijalleen hetke\u00e4k\u00e4\u00e4n aikaa tylsyyteen monipuolisuutensa my\u00f6t\u00e4. Levy on nuoren artistin <strong>ensimm\u00e4inen studioalbumi<\/strong>, joka on saanut inspiraatiota muun muassa <em>90-luvun memphis-r\u00e4pist\u00e4, cloud-r\u00e4pist\u00e4 ja potkivasta kasettisoundista,<\/em> mit\u00e4 kuullaankin levyn aikana.<\/p>\n\n\n\n<div style=\"height:100px;width:0px\" aria-hidden=\"true\" class=\"wp-block-spacer wp-container-content-9760934e\"><\/div>\n\n\n\n<div style=\"height:100px;width:0px\" aria-hidden=\"true\" class=\"wp-block-spacer wp-container-content-6388d5dc\"><\/div>\n<\/div>\n\n\n\n<div class=\"wp-block-group is-nowrap is-layout-flex wp-container-core-group-is-layout-6c531013 wp-block-group-is-layout-flex\">\n<div style=\"height:100px;width:0px\" aria-hidden=\"true\" class=\"wp-block-spacer wp-container-content-6388d5dc\"><\/div>\n\n\n\n<p class=\"has-small-font-size\">Paljon puhuttu hauskanpito musiikin parissa n\u00e4kyy erityisesti muiden artistien kanssa tehdyiss\u00e4 kappaleissa.<br><em>YOUNG GUN-levyn kaikki <strong>5 vierailijaa<\/strong> lueteltuna:<\/em> <strong>Yoniva<\/strong>, <strong>Kassu The Super Mega<\/strong>, <strong>FRANZ WERNER!<\/strong>, <strong>DJ Josio<\/strong>, sek\u00e4 <strong>Kullervo<\/strong>.<\/p>\n\n\n\n<div style=\"height:100px;width:0px\" aria-hidden=\"true\" class=\"wp-block-spacer wp-container-content-6388d5dc\"><\/div>\n<\/div>\n\n\n\n<hr class=\"wp-block-separator has-alpha-channel-opacity\"\/>\n\n\n\n<p class=\"has-text-align-center\">Paina kuvasta kuunnellaksesi<\/p>\n\n\n\n<p class=\"has-text-align-center\">&#8221;<mark style=\"background-color:rgba(0, 0, 0, 0);color:#3af0f7\" class=\"has-inline-color\">YOUNG GUN<\/mark>&#8221; &#8211; albumin.<\/p>\n\n\n\n<div class=\"wp-block-group is-content-justification-center is-nowrap is-layout-flex wp-container-core-group-is-layout-23441af8 wp-block-group-is-layout-flex\">\n<figure class=\"wp-block-embed is-type-rich is-provider-spotify wp-block-embed-spotify wp-embed-aspect-21-9 wp-has-aspect-ratio\"><div class=\"wp-block-embed__wrapper\">\n<iframe title=\"Spotify Embed: YOUNG GUN\" style=\"border-radius: 12px\" width=\"100%\" height=\"352\" frameborder=\"0\" allowfullscreen allow=\"autoplay; clipboard-write; encrypted-media; fullscreen; picture-in-picture\" loading=\"lazy\" src=\"https:\/\/open.spotify.com\/embed\/album\/5izpeJ5W3TBHJge7Nwpeu5?si=_33A5ZJ7QNWqa_Vq7vSMHQ&amp;utm_source=oembed\"><\/iframe>\n<\/div><\/figure>\n<\/div>\n\n\n\n<figure class=\"wp-block-image aligncenter is-resized\"><a href=\"https:\/\/open.spotify.com\/album\/5izpeJ5W3TBHJge7Nwpeu5?si=U7FdgB2PRmm1pnu5-IeEsA\"><img loading=\"lazy\" decoding=\"async\" width=\"2560\" height=\"2560\" src=\"https:\/\/www.pide15.fi\/wp-content\/uploads\/2026\/03\/DSC08529-1-2-scaled.jpg\" alt=\"\" class=\"wp-image-224\" style=\"width:194px;height:auto\" srcset=\"https:\/\/www.pide15.fi\/wp-content\/uploads\/2026\/03\/DSC08529-1-2-scaled.jpg 2560w, https:\/\/www.pide15.fi\/wp-content\/uploads\/2026\/03\/DSC08529-1-2-300x300.jpg 300w\" sizes=\"auto, (max-width: 2560px) 100vw, 2560px\" \/><\/a><figcaption class=\"wp-element-caption\"><em>Kuva: Verneri Klemettil\u00e4<\/em><\/figcaption><\/figure>\n","protected":false},"excerpt":{"rendered":"<p>YOUNG GUN ULKONA NYT! &#8221;YOUNG GUN&#8221; on PiDEn debyyttistudioalbumi, joka julkaistaan 10.04.2026. Albumi sis\u00e4lt\u00e4\u00e4 16 kappaletta, 5 musiikkivideota ja selostusversion. YOUNG GUN &#8211; on monta erilaista tunnetta her\u00e4tt\u00e4v\u00e4 kokonaisuus, joka ei anna kuulijalleen hetke\u00e4k\u00e4\u00e4n aikaa tylsyyteen monipuolisuutensa my\u00f6t\u00e4. Levy on nuoren artistin ensimm\u00e4inen studioalbumi, joka on saanut inspiraatiota muun muassa 90-luvun memphis-r\u00e4pist\u00e4, cloud-r\u00e4pist\u00e4 ja potkivasta [&hellip;]<\/p>\n","protected":false},"author":1,"featured_media":224,"parent":0,"menu_order":0,"comment_status":"closed","ping_status":"closed","template":"page-alternative","meta":{"footnotes":""},"class_list":["post-181","page","type-page","status-publish","has-post-thumbnail","hentry"],"yoast_head":"<!-- This site is optimized with the Yoast SEO plugin v27.5 - https:\/\/yoast.com\/product\/yoast-seo-wordpress\/ -->\n<title>J U L K A I S U T - PiDE<\/title>\n<meta name=\"description\" content=\"T\u00e4\u00e4lt\u00e4 l\u00f6yd\u00e4t sein\u00e4jokelaisen rap-artisti PiDEn uusimmat julkaisut. Jos haluat l\u00f6yt\u00e4\u00e4 hyv\u00e4\u00e4 uutta musiikkia, niin ole hyv\u00e4 ja painah ny!\" \/>\n<meta name=\"robots\" content=\"index, follow, max-snippet:-1, max-image-preview:large, max-video-preview:-1\" \/>\n<link rel=\"canonical\" href=\"https:\/\/www.pide15.fi\/?page_id=181\" \/>\n<meta property=\"og:locale\" content=\"fi_FI\" \/>\n<meta property=\"og:type\" content=\"article\" \/>\n<meta property=\"og:title\" content=\"J U L K A I S U T - PiDE\" \/>\n<meta property=\"og:description\" content=\"T\u00e4\u00e4lt\u00e4 l\u00f6yd\u00e4t sein\u00e4jokelaisen rap-artisti PiDEn uusimmat julkaisut. Jos haluat l\u00f6yt\u00e4\u00e4 hyv\u00e4\u00e4 uutta musiikkia, niin ole hyv\u00e4 ja painah ny!\" \/>\n<meta property=\"og:url\" content=\"https:\/\/www.pide15.fi\/?page_id=181\" \/>\n<meta property=\"og:site_name\" content=\"PiDE\" \/>\n<meta property=\"article:modified_time\" content=\"2026-04-22T17:39:40+00:00\" \/>\n<meta property=\"og:image\" content=\"https:\/\/www.pide15.fi\/wp-content\/uploads\/2026\/03\/DSC08529-1-2-scaled.jpg\" \/>\n\t<meta property=\"og:image:width\" content=\"2560\" \/>\n\t<meta property=\"og:image:height\" content=\"2560\" \/>\n\t<meta property=\"og:image:type\" content=\"image\/jpeg\" \/>\n<meta name=\"twitter:card\" content=\"summary_large_image\" \/>\n<meta name=\"twitter:label1\" content=\"Arvioitu lukuaika\" \/>\n\t<meta name=\"twitter:data1\" content=\"2 minuuttia\" \/>\n<script type=\"application\/ld+json\" class=\"yoast-schema-graph\">{\"@context\":\"https:\\\/\\\/schema.org\",\"@graph\":[{\"@type\":[\"Article\",\"Report\"],\"@id\":\"https:\\\/\\\/www.pide15.fi\\\/?page_id=181#article\",\"isPartOf\":{\"@id\":\"https:\\\/\\\/www.pide15.fi\\\/?page_id=181\"},\"author\":{\"name\":\"PiDE\",\"@id\":\"https:\\\/\\\/www.pide15.fi\\\/#\\\/schema\\\/person\\\/ac981f88b6e47d8a1420cb422d718306\"},\"headline\":\"J U L K A I S U T\",\"datePublished\":\"2026-03-17T11:18:58+00:00\",\"dateModified\":\"2026-04-22T17:39:40+00:00\",\"mainEntityOfPage\":{\"@id\":\"https:\\\/\\\/www.pide15.fi\\\/?page_id=181\"},\"wordCount\":132,\"publisher\":{\"@id\":\"https:\\\/\\\/www.pide15.fi\\\/#organization\"},\"image\":{\"@id\":\"https:\\\/\\\/www.pide15.fi\\\/?page_id=181#primaryimage\"},\"thumbnailUrl\":\"https:\\\/\\\/www.pide15.fi\\\/wp-content\\\/uploads\\\/2026\\\/03\\\/DSC08529-1-2-scaled.jpg\",\"inLanguage\":\"fi\"},{\"@type\":\"WebPage\",\"@id\":\"https:\\\/\\\/www.pide15.fi\\\/?page_id=181\",\"url\":\"https:\\\/\\\/www.pide15.fi\\\/?page_id=181\",\"name\":\"J U L K A I S U T - PiDE\",\"isPartOf\":{\"@id\":\"https:\\\/\\\/www.pide15.fi\\\/#website\"},\"primaryImageOfPage\":{\"@id\":\"https:\\\/\\\/www.pide15.fi\\\/?page_id=181#primaryimage\"},\"image\":{\"@id\":\"https:\\\/\\\/www.pide15.fi\\\/?page_id=181#primaryimage\"},\"thumbnailUrl\":\"https:\\\/\\\/www.pide15.fi\\\/wp-content\\\/uploads\\\/2026\\\/03\\\/DSC08529-1-2-scaled.jpg\",\"datePublished\":\"2026-03-17T11:18:58+00:00\",\"dateModified\":\"2026-04-22T17:39:40+00:00\",\"description\":\"T\u00e4\u00e4lt\u00e4 l\u00f6yd\u00e4t sein\u00e4jokelaisen rap-artisti PiDEn uusimmat julkaisut. Jos haluat l\u00f6yt\u00e4\u00e4 hyv\u00e4\u00e4 uutta musiikkia, niin ole hyv\u00e4 ja painah ny!\",\"breadcrumb\":{\"@id\":\"https:\\\/\\\/www.pide15.fi\\\/?page_id=181#breadcrumb\"},\"inLanguage\":\"fi\",\"potentialAction\":[{\"@type\":\"ReadAction\",\"target\":[\"https:\\\/\\\/www.pide15.fi\\\/?page_id=181\"]}]},{\"@type\":\"ImageObject\",\"inLanguage\":\"fi\",\"@id\":\"https:\\\/\\\/www.pide15.fi\\\/?page_id=181#primaryimage\",\"url\":\"https:\\\/\\\/www.pide15.fi\\\/wp-content\\\/uploads\\\/2026\\\/03\\\/DSC08529-1-2-scaled.jpg\",\"contentUrl\":\"https:\\\/\\\/www.pide15.fi\\\/wp-content\\\/uploads\\\/2026\\\/03\\\/DSC08529-1-2-scaled.jpg\",\"width\":2560,\"height\":2560},{\"@type\":\"BreadcrumbList\",\"@id\":\"https:\\\/\\\/www.pide15.fi\\\/?page_id=181#breadcrumb\",\"itemListElement\":[{\"@type\":\"ListItem\",\"position\":1,\"name\":\"Etusivu\",\"item\":\"https:\\\/\\\/www.pide15.fi\\\/\"},{\"@type\":\"ListItem\",\"position\":2,\"name\":\"J U L K A I S U T\"}]},{\"@type\":\"WebSite\",\"@id\":\"https:\\\/\\\/www.pide15.fi\\\/#website\",\"url\":\"https:\\\/\\\/www.pide15.fi\\\/\",\"name\":\"PiDE\",\"description\":\"YOUNG GUN - debyyttistudioalbumi ULKONA NYT!\",\"publisher\":{\"@id\":\"https:\\\/\\\/www.pide15.fi\\\/#organization\"},\"potentialAction\":[{\"@type\":\"SearchAction\",\"target\":{\"@type\":\"EntryPoint\",\"urlTemplate\":\"https:\\\/\\\/www.pide15.fi\\\/?s={search_term_string}\"},\"query-input\":{\"@type\":\"PropertyValueSpecification\",\"valueRequired\":true,\"valueName\":\"search_term_string\"}}],\"inLanguage\":\"fi\"},{\"@type\":\"Organization\",\"@id\":\"https:\\\/\\\/www.pide15.fi\\\/#organization\",\"name\":\"PiDE\",\"url\":\"https:\\\/\\\/www.pide15.fi\\\/\",\"logo\":{\"@type\":\"ImageObject\",\"inLanguage\":\"fi\",\"@id\":\"https:\\\/\\\/www.pide15.fi\\\/#\\\/schema\\\/logo\\\/image\\\/\",\"url\":\"https:\\\/\\\/www.pide15.fi\\\/wp-content\\\/uploads\\\/2026\\\/03\\\/PiDE-LOGO-WHITE-scaled.png\",\"contentUrl\":\"https:\\\/\\\/www.pide15.fi\\\/wp-content\\\/uploads\\\/2026\\\/03\\\/PiDE-LOGO-WHITE-scaled.png\",\"width\":2560,\"height\":1744,\"caption\":\"PiDE\"},\"image\":{\"@id\":\"https:\\\/\\\/www.pide15.fi\\\/#\\\/schema\\\/logo\\\/image\\\/\"}},{\"@type\":\"Person\",\"@id\":\"https:\\\/\\\/www.pide15.fi\\\/#\\\/schema\\\/person\\\/ac981f88b6e47d8a1420cb422d718306\",\"name\":\"PiDE\",\"image\":{\"@type\":\"ImageObject\",\"inLanguage\":\"fi\",\"@id\":\"https:\\\/\\\/secure.gravatar.com\\\/avatar\\\/35e3d8b3cdfe5fbb947bebab16371b8b35fc29d9155031baec3e9a18f2e1717d?s=96&d=mm&r=g\",\"url\":\"https:\\\/\\\/secure.gravatar.com\\\/avatar\\\/35e3d8b3cdfe5fbb947bebab16371b8b35fc29d9155031baec3e9a18f2e1717d?s=96&d=mm&r=g\",\"contentUrl\":\"https:\\\/\\\/secure.gravatar.com\\\/avatar\\\/35e3d8b3cdfe5fbb947bebab16371b8b35fc29d9155031baec3e9a18f2e1717d?s=96&d=mm&r=g\",\"caption\":\"PiDE\"},\"sameAs\":[\"http:\\\/\\\/www.pide15.fi\"],\"url\":\"https:\\\/\\\/www.pide15.fi\\\/?author=1\"}]}<\/script>\n<!-- \/ Yoast SEO plugin. -->","yoast_head_json":{"title":"J U L K A I S U T - PiDE","description":"T\u00e4\u00e4lt\u00e4 l\u00f6yd\u00e4t sein\u00e4jokelaisen rap-artisti PiDEn uusimmat julkaisut. Jos haluat l\u00f6yt\u00e4\u00e4 hyv\u00e4\u00e4 uutta musiikkia, niin ole hyv\u00e4 ja painah ny!","robots":{"index":"index","follow":"follow","max-snippet":"max-snippet:-1","max-image-preview":"max-image-preview:large","max-video-preview":"max-video-preview:-1"},"canonical":"https:\/\/www.pide15.fi\/?page_id=181","og_locale":"fi_FI","og_type":"article","og_title":"J U L K A I S U T - PiDE","og_description":"T\u00e4\u00e4lt\u00e4 l\u00f6yd\u00e4t sein\u00e4jokelaisen rap-artisti PiDEn uusimmat julkaisut. Jos haluat l\u00f6yt\u00e4\u00e4 hyv\u00e4\u00e4 uutta musiikkia, niin ole hyv\u00e4 ja painah ny!","og_url":"https:\/\/www.pide15.fi\/?page_id=181","og_site_name":"PiDE","article_modified_time":"2026-04-22T17:39:40+00:00","og_image":[{"width":2560,"height":2560,"url":"https:\/\/www.pide15.fi\/wp-content\/uploads\/2026\/03\/DSC08529-1-2-scaled.jpg","type":"image\/jpeg"}],"twitter_card":"summary_large_image","twitter_misc":{"Arvioitu lukuaika":"2 minuuttia"},"schema":{"@context":"https:\/\/schema.org","@graph":[{"@type":["Article","Report"],"@id":"https:\/\/www.pide15.fi\/?page_id=181#article","isPartOf":{"@id":"https:\/\/www.pide15.fi\/?page_id=181"},"author":{"name":"PiDE","@id":"https:\/\/www.pide15.fi\/#\/schema\/person\/ac981f88b6e47d8a1420cb422d718306"},"headline":"J U L K A I S U T","datePublished":"2026-03-17T11:18:58+00:00","dateModified":"2026-04-22T17:39:40+00:00","mainEntityOfPage":{"@id":"https:\/\/www.pide15.fi\/?page_id=181"},"wordCount":132,"publisher":{"@id":"https:\/\/www.pide15.fi\/#organization"},"image":{"@id":"https:\/\/www.pide15.fi\/?page_id=181#primaryimage"},"thumbnailUrl":"https:\/\/www.pide15.fi\/wp-content\/uploads\/2026\/03\/DSC08529-1-2-scaled.jpg","inLanguage":"fi"},{"@type":"WebPage","@id":"https:\/\/www.pide15.fi\/?page_id=181","url":"https:\/\/www.pide15.fi\/?page_id=181","name":"J U L K A I S U T - PiDE","isPartOf":{"@id":"https:\/\/www.pide15.fi\/#website"},"primaryImageOfPage":{"@id":"https:\/\/www.pide15.fi\/?page_id=181#primaryimage"},"image":{"@id":"https:\/\/www.pide15.fi\/?page_id=181#primaryimage"},"thumbnailUrl":"https:\/\/www.pide15.fi\/wp-content\/uploads\/2026\/03\/DSC08529-1-2-scaled.jpg","datePublished":"2026-03-17T11:18:58+00:00","dateModified":"2026-04-22T17:39:40+00:00","description":"T\u00e4\u00e4lt\u00e4 l\u00f6yd\u00e4t sein\u00e4jokelaisen rap-artisti PiDEn uusimmat julkaisut. Jos haluat l\u00f6yt\u00e4\u00e4 hyv\u00e4\u00e4 uutta musiikkia, niin ole hyv\u00e4 ja painah ny!","breadcrumb":{"@id":"https:\/\/www.pide15.fi\/?page_id=181#breadcrumb"},"inLanguage":"fi","potentialAction":[{"@type":"ReadAction","target":["https:\/\/www.pide15.fi\/?page_id=181"]}]},{"@type":"ImageObject","inLanguage":"fi","@id":"https:\/\/www.pide15.fi\/?page_id=181#primaryimage","url":"https:\/\/www.pide15.fi\/wp-content\/uploads\/2026\/03\/DSC08529-1-2-scaled.jpg","contentUrl":"https:\/\/www.pide15.fi\/wp-content\/uploads\/2026\/03\/DSC08529-1-2-scaled.jpg","width":2560,"height":2560},{"@type":"BreadcrumbList","@id":"https:\/\/www.pide15.fi\/?page_id=181#breadcrumb","itemListElement":[{"@type":"ListItem","position":1,"name":"Etusivu","item":"https:\/\/www.pide15.fi\/"},{"@type":"ListItem","position":2,"name":"J U L K A I S U T"}]},{"@type":"WebSite","@id":"https:\/\/www.pide15.fi\/#website","url":"https:\/\/www.pide15.fi\/","name":"PiDE","description":"YOUNG GUN - debyyttistudioalbumi ULKONA NYT!","publisher":{"@id":"https:\/\/www.pide15.fi\/#organization"},"potentialAction":[{"@type":"SearchAction","target":{"@type":"EntryPoint","urlTemplate":"https:\/\/www.pide15.fi\/?s={search_term_string}"},"query-input":{"@type":"PropertyValueSpecification","valueRequired":true,"valueName":"search_term_string"}}],"inLanguage":"fi"},{"@type":"Organization","@id":"https:\/\/www.pide15.fi\/#organization","name":"PiDE","url":"https:\/\/www.pide15.fi\/","logo":{"@type":"ImageObject","inLanguage":"fi","@id":"https:\/\/www.pide15.fi\/#\/schema\/logo\/image\/","url":"https:\/\/www.pide15.fi\/wp-content\/uploads\/2026\/03\/PiDE-LOGO-WHITE-scaled.png","contentUrl":"https:\/\/www.pide15.fi\/wp-content\/uploads\/2026\/03\/PiDE-LOGO-WHITE-scaled.png","width":2560,"height":1744,"caption":"PiDE"},"image":{"@id":"https:\/\/www.pide15.fi\/#\/schema\/logo\/image\/"}},{"@type":"Person","@id":"https:\/\/www.pide15.fi\/#\/schema\/person\/ac981f88b6e47d8a1420cb422d718306","name":"PiDE","image":{"@type":"ImageObject","inLanguage":"fi","@id":"https:\/\/secure.gravatar.com\/avatar\/35e3d8b3cdfe5fbb947bebab16371b8b35fc29d9155031baec3e9a18f2e1717d?s=96&d=mm&r=g","url":"https:\/\/secure.gravatar.com\/avatar\/35e3d8b3cdfe5fbb947bebab16371b8b35fc29d9155031baec3e9a18f2e1717d?s=96&d=mm&r=g","contentUrl":"https:\/\/secure.gravatar.com\/avatar\/35e3d8b3cdfe5fbb947bebab16371b8b35fc29d9155031baec3e9a18f2e1717d?s=96&d=mm&r=g","caption":"PiDE"},"sameAs":["http:\/\/www.pide15.fi"],"url":"https:\/\/www.pide15.fi\/?author=1"}]}},"jetpack_sharing_enabled":true,"_links":{"self":[{"href":"https:\/\/www.pide15.fi\/index.php?rest_route=\/wp\/v2\/pages\/181","targetHints":{"allow":["GET"]}}],"collection":[{"href":"https:\/\/www.pide15.fi\/index.php?rest_route=\/wp\/v2\/pages"}],"about":[{"href":"https:\/\/www.pide15.fi\/index.php?rest_route=\/wp\/v2\/types\/page"}],"author":[{"embeddable":true,"href":"https:\/\/www.pide15.fi\/index.php?rest_route=\/wp\/v2\/users\/1"}],"replies":[{"embeddable":true,"href":"https:\/\/www.pide15.fi\/index.php?rest_route=%2Fwp%2Fv2%2Fcomments&post=181"}],"version-history":[{"count":30,"href":"https:\/\/www.pide15.fi\/index.php?rest_route=\/wp\/v2\/pages\/181\/revisions"}],"predecessor-version":[{"id":356,"href":"https:\/\/www.pide15.fi\/index.php?rest_route=\/wp\/v2\/pages\/181\/revisions\/356"}],"wp:featuredmedia":[{"embeddable":true,"href":"https:\/\/www.pide15.fi\/index.php?rest_route=\/wp\/v2\/media\/224"}],"wp:attachment":[{"href":"https:\/\/www.pide15.fi\/index.php?rest_route=%2Fwp%2Fv2%2Fmedia&parent=181"}],"curies":[{"name":"wp","href":"https:\/\/api.w.org\/{rel}","templated":true}]}}