{"id":178,"date":"2026-03-17T11:18:58","date_gmt":"2026-03-17T11:18:58","guid":{"rendered":"https:\/\/www.pide15.fi\/?page_id=178"},"modified":"2026-04-22T20:47:44","modified_gmt":"2026-04-22T17:47:44","slug":"pide-keikat","status":"publish","type":"page","link":"https:\/\/www.pide15.fi\/?page_id=178","title":{"rendered":"K E I K A T"},"content":{"rendered":"\n<div class=\"wp-block-group is-nowrap is-layout-flex wp-container-core-group-is-layout-6c531013 wp-block-group-is-layout-flex\">\n<div style=\"height:100px;width:0px\" aria-hidden=\"true\" class=\"wp-block-spacer wp-container-content-6388d5dc\"><\/div>\n\n\n\n<figure class=\"wp-block-image aligncenter size-large\"><img loading=\"lazy\" decoding=\"async\" width=\"1024\" height=\"683\" src=\"https:\/\/www.pide15.fi\/wp-content\/uploads\/2026\/04\/PiDe-levyjulkkarit-20260411-155IMG_4299-1024x683.jpg\" alt=\"\" class=\"wp-image-358\" srcset=\"https:\/\/www.pide15.fi\/wp-content\/uploads\/2026\/04\/PiDe-levyjulkkarit-20260411-155IMG_4299-1024x683.jpg 1024w, https:\/\/www.pide15.fi\/wp-content\/uploads\/2026\/04\/PiDe-levyjulkkarit-20260411-155IMG_4299-300x200.jpg 300w, https:\/\/www.pide15.fi\/wp-content\/uploads\/2026\/04\/PiDe-levyjulkkarit-20260411-155IMG_4299-768x512.jpg 768w, https:\/\/www.pide15.fi\/wp-content\/uploads\/2026\/04\/PiDe-levyjulkkarit-20260411-155IMG_4299-1536x1024.jpg 1536w, https:\/\/www.pide15.fi\/wp-content\/uploads\/2026\/04\/PiDe-levyjulkkarit-20260411-155IMG_4299-2048x1365.jpg 2048w\" sizes=\"auto, (max-width: 1024px) 100vw, 1024px\" \/><figcaption class=\"wp-element-caption\"><em>Kuva: @zalanmediat<\/em><\/figcaption><\/figure>\n\n\n\n<div style=\"height:100px;width:0px\" aria-hidden=\"true\" class=\"wp-block-spacer wp-container-content-6388d5dc\"><\/div>\n<\/div>\n\n\n\n<div class=\"wp-block-group is-nowrap is-layout-flex wp-container-core-group-is-layout-6c531013 wp-block-group-is-layout-flex\">\n<div style=\"height:100px;width:0px\" aria-hidden=\"true\" class=\"wp-block-spacer wp-container-content-6388d5dc\"><\/div>\n\n\n\n<blockquote class=\"wp-block-quote is-layout-flow wp-block-quote-is-layout-flow\">\n<div class=\"wp-block-group is-nowrap is-layout-flex wp-container-core-group-is-layout-6c531013 wp-block-group-is-layout-flex\">\n<p class=\"has-small-font-size\">&#8221;Mun keikalla oleminen ei oo sit\u00e4, ett\u00e4 jengi tulee juhlimaan sit\u00e4 ett\u00e4 m\u00e4 oon siell\u00e4, vaan sit\u00e4, ett\u00e4 porukka tulee juhlimaan mun kanssa. Yleis\u00f6 ja kanssaolijat on ne juhlat, siin\u00e4 miss\u00e4 min\u00e4kin.&#8221;<\/p>\n\n\n\n<div style=\"height:100px;width:0px\" aria-hidden=\"true\" class=\"wp-block-spacer wp-container-content-6388d5dc\"><\/div>\n<\/div>\n<\/blockquote>\n<\/div>\n\n\n\n<div class=\"wp-block-group is-nowrap is-layout-flex wp-container-core-group-is-layout-6c531013 wp-block-group-is-layout-flex\">\n<div style=\"height:100px;width:0px\" aria-hidden=\"true\" class=\"wp-block-spacer wp-container-content-6388d5dc\"><\/div>\n\n\n\n<p class=\"has-small-font-size\"><em>PiDE on tullut tunnetuksi erityisesti h\u00e4nen keikoistaan.<\/em> &#8221;PiDELiVE&#8221; on saanut ihmiset liikkumaan ja viihtym\u00e4\u00e4n, vaikka he eiv\u00e4t olisikaan ymm\u00e4rt\u00e4neet tai piitanneet sen enemp\u00e4\u00e4 r\u00e4pist\u00e4. PiDE, <strong>DJ Josio<\/strong>, sek\u00e4 mukanaanviev\u00e4ksi hiottu ja trysk\u00f6\u00f6t takaava keikkasetti on osoittanut ennakkoluuloja v\u00e4\u00e4riksi useaan kertaan. <em>PiDE tanssittaa ihmisi\u00e4 vauvasta vaariin.<\/em><\/p>\n\n\n\n<div style=\"height:100px;width:0px\" aria-hidden=\"true\" class=\"wp-block-spacer wp-container-content-6388d5dc\"><\/div>\n<\/div>\n\n\n\n<div class=\"wp-block-group is-nowrap is-layout-flex wp-container-core-group-is-layout-6c531013 wp-block-group-is-layout-flex\">\n<div style=\"height:100px;width:0px\" aria-hidden=\"true\" class=\"wp-block-spacer wp-container-content-6388d5dc\"><\/div>\n\n\n\n<p class=\"has-small-font-size\">PiDE on keikkaillut ymp\u00e4ri Etel\u00e4-Pohjanmaata, ja my\u00f6skin sen ulkopuolella. H\u00e4nen keikkailussaan on n\u00e4kynyt alusta asti <strong>aito tekemisen meininki.<\/strong> <em>Esimerkiksi kes\u00e4ll\u00e4 2025 h\u00e4n kiersi yhden p\u00e4iv\u00e4n aikana 5 eri Sein\u00e4joen baarin terassia, ja on tehnyt my\u00f6hemmin keikkoja jopa Grillill\u00e4 ja Kirpparilla.<\/em><\/p>\n\n\n\n<div style=\"height:100px;width:152px\" aria-hidden=\"true\" class=\"wp-block-spacer wp-container-content-19e0a648\"><\/div>\n<\/div>\n\n\n\n<hr class=\"wp-block-separator has-alpha-channel-opacity\"\/>\n\n\n\n<p class=\"has-text-align-center has-small-font-size\"><em>Tulevat keikat<\/em>:<\/p>\n\n\n\n<div class=\"wp-block-group is-nowrap is-layout-flex wp-container-core-group-is-layout-6c531013 wp-block-group-is-layout-flex\">\n<div style=\"height:100px;width:0px\" aria-hidden=\"true\" class=\"wp-block-spacer wp-container-content-6388d5dc\"><\/div>\n\n\n\n<p class=\"has-small-font-size\"><mark style=\"background-color:rgba(0, 0, 0, 0);color:#2cfff8\" class=\"has-inline-color\">09.05.2026<\/mark><br><em>Pasanen &amp; PiDE<\/em> @ <strong>Monkey Island, Alavus<\/strong><br><mark style=\"background-color:rgba(0, 0, 0, 0);color:#30fff1\" class=\"has-inline-color\">13.05.2026<\/mark><br><em>PiDE &amp; cordie<\/em> @ <strong>Wanha Mestari, Sein\u00e4joki<\/strong><br><mark style=\"background-color:rgba(0, 0, 0, 0);color:#3cfff9\" class=\"has-inline-color\">30.05.2026<\/mark><br><em>Sliki, H\u00e4jyt &amp; PiDE<\/em> @ <strong>Rantapuisto, Alavus<\/strong><\/p>\n\n\n\n<div style=\"height:100px;width:0px\" aria-hidden=\"true\" class=\"wp-block-spacer wp-container-content-6388d5dc\"><\/div>\n<\/div>\n\n\n\n<hr class=\"wp-block-separator has-alpha-channel-opacity\"\/>\n\n\n\n<p class=\"has-text-align-center has-small-font-size\">Keikkamyynti: <\/p>\n\n\n\n<p class=\"has-text-align-center has-small-font-size\">keikat@pide15.fi<\/p>\n\n\n\n<div class=\"wp-block-group is-nowrap is-layout-flex wp-container-core-group-is-layout-6c531013 wp-block-group-is-layout-flex\">\n<div style=\"height:100px;width:0px\" aria-hidden=\"true\" class=\"wp-block-spacer wp-container-content-6388d5dc\"><\/div>\n\n\n\n<figure class=\"wp-block-image aligncenter size-large is-resized\"><img loading=\"lazy\" decoding=\"async\" width=\"1024\" height=\"649\" src=\"https:\/\/www.pide15.fi\/wp-content\/uploads\/2026\/03\/at-teuva-1024x649.jpg\" alt=\"\" class=\"wp-image-311\" style=\"aspect-ratio:1.577859074280261;width:393px;height:auto\" srcset=\"https:\/\/www.pide15.fi\/wp-content\/uploads\/2026\/03\/at-teuva-1024x649.jpg 1024w, https:\/\/www.pide15.fi\/wp-content\/uploads\/2026\/03\/at-teuva-300x190.jpg 300w, https:\/\/www.pide15.fi\/wp-content\/uploads\/2026\/03\/at-teuva-768x487.jpg 768w, https:\/\/www.pide15.fi\/wp-content\/uploads\/2026\/03\/at-teuva.jpg 1079w\" sizes=\"auto, (max-width: 1024px) 100vw, 1024px\" \/><figcaption class=\"wp-element-caption\"><em>Kuva: Arttu Rantakoski<\/em><\/figcaption><\/figure>\n\n\n\n<div style=\"height:100px;width:0px\" aria-hidden=\"true\" class=\"wp-block-spacer wp-container-content-6388d5dc\"><\/div>\n<\/div>\n","protected":false},"excerpt":{"rendered":"<p>&#8221;Mun keikalla oleminen ei oo sit\u00e4, ett\u00e4 jengi tulee juhlimaan sit\u00e4 ett\u00e4 m\u00e4 oon siell\u00e4, vaan sit\u00e4, ett\u00e4 porukka tulee juhlimaan mun kanssa. Yleis\u00f6 ja kanssaolijat on ne juhlat, siin\u00e4 miss\u00e4 min\u00e4kin.&#8221; PiDE on tullut tunnetuksi erityisesti h\u00e4nen keikoistaan. &#8221;PiDELiVE&#8221; on saanut ihmiset liikkumaan ja viihtym\u00e4\u00e4n, vaikka he eiv\u00e4t olisikaan ymm\u00e4rt\u00e4neet tai piitanneet sen enemp\u00e4\u00e4 [&hellip;]<\/p>\n","protected":false},"author":1,"featured_media":0,"parent":0,"menu_order":0,"comment_status":"closed","ping_status":"closed","template":"page-alternative","meta":{"footnotes":""},"class_list":["post-178","page","type-page","status-publish","hentry"],"yoast_head":"<!-- This site is optimized with the Yoast SEO plugin v27.5 - https:\/\/yoast.com\/product\/yoast-seo-wordpress\/ -->\n<title>K E I K A T - PiDE<\/title>\n<meta name=\"description\" content=\"Keikat-osiosta l\u00f6yd\u00e4t PiDEn tulevat keikat, sek\u00e4 keikkamyynnin. Tule kokemaan hemmetinmoiset TRYSK\u00d6\u00d6T. Tai vaadi PiDELiVE kaupunkiisi!\" \/>\n<meta name=\"robots\" content=\"index, follow, max-snippet:-1, max-image-preview:large, max-video-preview:-1\" \/>\n<link rel=\"canonical\" href=\"https:\/\/www.pide15.fi\/?page_id=178\" \/>\n<meta property=\"og:locale\" content=\"fi_FI\" \/>\n<meta property=\"og:type\" content=\"article\" \/>\n<meta property=\"og:title\" content=\"K E I K A T - PiDE\" \/>\n<meta property=\"og:description\" content=\"Keikat-osiosta l\u00f6yd\u00e4t PiDEn tulevat keikat, sek\u00e4 keikkamyynnin. Tule kokemaan hemmetinmoiset TRYSK\u00d6\u00d6T. Tai vaadi PiDELiVE kaupunkiisi!\" \/>\n<meta property=\"og:url\" content=\"https:\/\/www.pide15.fi\/?page_id=178\" \/>\n<meta property=\"og:site_name\" content=\"PiDE\" \/>\n<meta property=\"article:modified_time\" content=\"2026-04-22T17:47:44+00:00\" \/>\n<meta property=\"og:image\" content=\"https:\/\/www.pide15.fi\/wp-content\/uploads\/2026\/04\/PiDe-levyjulkkarit-20260411-155IMG_4299-scaled.jpg\" \/>\n\t<meta property=\"og:image:width\" content=\"2560\" \/>\n\t<meta property=\"og:image:height\" content=\"1707\" \/>\n\t<meta property=\"og:image:type\" content=\"image\/jpeg\" \/>\n<meta name=\"twitter:card\" content=\"summary_large_image\" \/>\n<meta name=\"twitter:label1\" content=\"Arvioitu lukuaika\" \/>\n\t<meta name=\"twitter:data1\" content=\"2 minuuttia\" \/>\n<script type=\"application\/ld+json\" class=\"yoast-schema-graph\">{\"@context\":\"https:\\\/\\\/schema.org\",\"@graph\":[{\"@type\":\"WebPage\",\"@id\":\"https:\\\/\\\/www.pide15.fi\\\/?page_id=178\",\"url\":\"https:\\\/\\\/www.pide15.fi\\\/?page_id=178\",\"name\":\"K E I K A T - PiDE\",\"isPartOf\":{\"@id\":\"https:\\\/\\\/www.pide15.fi\\\/#website\"},\"primaryImageOfPage\":{\"@id\":\"https:\\\/\\\/www.pide15.fi\\\/?page_id=178#primaryimage\"},\"image\":{\"@id\":\"https:\\\/\\\/www.pide15.fi\\\/?page_id=178#primaryimage\"},\"thumbnailUrl\":\"https:\\\/\\\/www.pide15.fi\\\/wp-content\\\/uploads\\\/2026\\\/04\\\/PiDe-levyjulkkarit-20260411-155IMG_4299-1024x683.jpg\",\"datePublished\":\"2026-03-17T11:18:58+00:00\",\"dateModified\":\"2026-04-22T17:47:44+00:00\",\"description\":\"Keikat-osiosta l\u00f6yd\u00e4t PiDEn tulevat keikat, sek\u00e4 keikkamyynnin. Tule kokemaan hemmetinmoiset TRYSK\u00d6\u00d6T. Tai vaadi PiDELiVE kaupunkiisi!\",\"breadcrumb\":{\"@id\":\"https:\\\/\\\/www.pide15.fi\\\/?page_id=178#breadcrumb\"},\"inLanguage\":\"fi\",\"potentialAction\":[{\"@type\":\"ReadAction\",\"target\":[\"https:\\\/\\\/www.pide15.fi\\\/?page_id=178\"]}]},{\"@type\":\"ImageObject\",\"inLanguage\":\"fi\",\"@id\":\"https:\\\/\\\/www.pide15.fi\\\/?page_id=178#primaryimage\",\"url\":\"https:\\\/\\\/www.pide15.fi\\\/wp-content\\\/uploads\\\/2026\\\/04\\\/PiDe-levyjulkkarit-20260411-155IMG_4299-scaled.jpg\",\"contentUrl\":\"https:\\\/\\\/www.pide15.fi\\\/wp-content\\\/uploads\\\/2026\\\/04\\\/PiDe-levyjulkkarit-20260411-155IMG_4299-scaled.jpg\",\"width\":2560,\"height\":1707},{\"@type\":\"BreadcrumbList\",\"@id\":\"https:\\\/\\\/www.pide15.fi\\\/?page_id=178#breadcrumb\",\"itemListElement\":[{\"@type\":\"ListItem\",\"position\":1,\"name\":\"Etusivu\",\"item\":\"https:\\\/\\\/www.pide15.fi\\\/\"},{\"@type\":\"ListItem\",\"position\":2,\"name\":\"K E I K A T\"}]},{\"@type\":\"WebSite\",\"@id\":\"https:\\\/\\\/www.pide15.fi\\\/#website\",\"url\":\"https:\\\/\\\/www.pide15.fi\\\/\",\"name\":\"PiDE\",\"description\":\"YOUNG GUN - debyyttistudioalbumi ULKONA NYT!\",\"publisher\":{\"@id\":\"https:\\\/\\\/www.pide15.fi\\\/#organization\"},\"potentialAction\":[{\"@type\":\"SearchAction\",\"target\":{\"@type\":\"EntryPoint\",\"urlTemplate\":\"https:\\\/\\\/www.pide15.fi\\\/?s={search_term_string}\"},\"query-input\":{\"@type\":\"PropertyValueSpecification\",\"valueRequired\":true,\"valueName\":\"search_term_string\"}}],\"inLanguage\":\"fi\"},{\"@type\":\"Organization\",\"@id\":\"https:\\\/\\\/www.pide15.fi\\\/#organization\",\"name\":\"PiDE\",\"url\":\"https:\\\/\\\/www.pide15.fi\\\/\",\"logo\":{\"@type\":\"ImageObject\",\"inLanguage\":\"fi\",\"@id\":\"https:\\\/\\\/www.pide15.fi\\\/#\\\/schema\\\/logo\\\/image\\\/\",\"url\":\"https:\\\/\\\/www.pide15.fi\\\/wp-content\\\/uploads\\\/2026\\\/03\\\/PiDE-LOGO-WHITE-scaled.png\",\"contentUrl\":\"https:\\\/\\\/www.pide15.fi\\\/wp-content\\\/uploads\\\/2026\\\/03\\\/PiDE-LOGO-WHITE-scaled.png\",\"width\":2560,\"height\":1744,\"caption\":\"PiDE\"},\"image\":{\"@id\":\"https:\\\/\\\/www.pide15.fi\\\/#\\\/schema\\\/logo\\\/image\\\/\"}}]}<\/script>\n<!-- \/ Yoast SEO plugin. -->","yoast_head_json":{"title":"K E I K A T - PiDE","description":"Keikat-osiosta l\u00f6yd\u00e4t PiDEn tulevat keikat, sek\u00e4 keikkamyynnin. Tule kokemaan hemmetinmoiset TRYSK\u00d6\u00d6T. Tai vaadi PiDELiVE kaupunkiisi!","robots":{"index":"index","follow":"follow","max-snippet":"max-snippet:-1","max-image-preview":"max-image-preview:large","max-video-preview":"max-video-preview:-1"},"canonical":"https:\/\/www.pide15.fi\/?page_id=178","og_locale":"fi_FI","og_type":"article","og_title":"K E I K A T - PiDE","og_description":"Keikat-osiosta l\u00f6yd\u00e4t PiDEn tulevat keikat, sek\u00e4 keikkamyynnin. Tule kokemaan hemmetinmoiset TRYSK\u00d6\u00d6T. Tai vaadi PiDELiVE kaupunkiisi!","og_url":"https:\/\/www.pide15.fi\/?page_id=178","og_site_name":"PiDE","article_modified_time":"2026-04-22T17:47:44+00:00","og_image":[{"width":2560,"height":1707,"url":"https:\/\/www.pide15.fi\/wp-content\/uploads\/2026\/04\/PiDe-levyjulkkarit-20260411-155IMG_4299-scaled.jpg","type":"image\/jpeg"}],"twitter_card":"summary_large_image","twitter_misc":{"Arvioitu lukuaika":"2 minuuttia"},"schema":{"@context":"https:\/\/schema.org","@graph":[{"@type":"WebPage","@id":"https:\/\/www.pide15.fi\/?page_id=178","url":"https:\/\/www.pide15.fi\/?page_id=178","name":"K E I K A T - PiDE","isPartOf":{"@id":"https:\/\/www.pide15.fi\/#website"},"primaryImageOfPage":{"@id":"https:\/\/www.pide15.fi\/?page_id=178#primaryimage"},"image":{"@id":"https:\/\/www.pide15.fi\/?page_id=178#primaryimage"},"thumbnailUrl":"https:\/\/www.pide15.fi\/wp-content\/uploads\/2026\/04\/PiDe-levyjulkkarit-20260411-155IMG_4299-1024x683.jpg","datePublished":"2026-03-17T11:18:58+00:00","dateModified":"2026-04-22T17:47:44+00:00","description":"Keikat-osiosta l\u00f6yd\u00e4t PiDEn tulevat keikat, sek\u00e4 keikkamyynnin. Tule kokemaan hemmetinmoiset TRYSK\u00d6\u00d6T. Tai vaadi PiDELiVE kaupunkiisi!","breadcrumb":{"@id":"https:\/\/www.pide15.fi\/?page_id=178#breadcrumb"},"inLanguage":"fi","potentialAction":[{"@type":"ReadAction","target":["https:\/\/www.pide15.fi\/?page_id=178"]}]},{"@type":"ImageObject","inLanguage":"fi","@id":"https:\/\/www.pide15.fi\/?page_id=178#primaryimage","url":"https:\/\/www.pide15.fi\/wp-content\/uploads\/2026\/04\/PiDe-levyjulkkarit-20260411-155IMG_4299-scaled.jpg","contentUrl":"https:\/\/www.pide15.fi\/wp-content\/uploads\/2026\/04\/PiDe-levyjulkkarit-20260411-155IMG_4299-scaled.jpg","width":2560,"height":1707},{"@type":"BreadcrumbList","@id":"https:\/\/www.pide15.fi\/?page_id=178#breadcrumb","itemListElement":[{"@type":"ListItem","position":1,"name":"Etusivu","item":"https:\/\/www.pide15.fi\/"},{"@type":"ListItem","position":2,"name":"K E I K A T"}]},{"@type":"WebSite","@id":"https:\/\/www.pide15.fi\/#website","url":"https:\/\/www.pide15.fi\/","name":"PiDE","description":"YOUNG GUN - debyyttistudioalbumi ULKONA NYT!","publisher":{"@id":"https:\/\/www.pide15.fi\/#organization"},"potentialAction":[{"@type":"SearchAction","target":{"@type":"EntryPoint","urlTemplate":"https:\/\/www.pide15.fi\/?s={search_term_string}"},"query-input":{"@type":"PropertyValueSpecification","valueRequired":true,"valueName":"search_term_string"}}],"inLanguage":"fi"},{"@type":"Organization","@id":"https:\/\/www.pide15.fi\/#organization","name":"PiDE","url":"https:\/\/www.pide15.fi\/","logo":{"@type":"ImageObject","inLanguage":"fi","@id":"https:\/\/www.pide15.fi\/#\/schema\/logo\/image\/","url":"https:\/\/www.pide15.fi\/wp-content\/uploads\/2026\/03\/PiDE-LOGO-WHITE-scaled.png","contentUrl":"https:\/\/www.pide15.fi\/wp-content\/uploads\/2026\/03\/PiDE-LOGO-WHITE-scaled.png","width":2560,"height":1744,"caption":"PiDE"},"image":{"@id":"https:\/\/www.pide15.fi\/#\/schema\/logo\/image\/"}}]}},"jetpack_sharing_enabled":true,"_links":{"self":[{"href":"https:\/\/www.pide15.fi\/index.php?rest_route=\/wp\/v2\/pages\/178","targetHints":{"allow":["GET"]}}],"collection":[{"href":"https:\/\/www.pide15.fi\/index.php?rest_route=\/wp\/v2\/pages"}],"about":[{"href":"https:\/\/www.pide15.fi\/index.php?rest_route=\/wp\/v2\/types\/page"}],"author":[{"embeddable":true,"href":"https:\/\/www.pide15.fi\/index.php?rest_route=\/wp\/v2\/users\/1"}],"replies":[{"embeddable":true,"href":"https:\/\/www.pide15.fi\/index.php?rest_route=%2Fwp%2Fv2%2Fcomments&post=178"}],"version-history":[{"count":23,"href":"https:\/\/www.pide15.fi\/index.php?rest_route=\/wp\/v2\/pages\/178\/revisions"}],"predecessor-version":[{"id":359,"href":"https:\/\/www.pide15.fi\/index.php?rest_route=\/wp\/v2\/pages\/178\/revisions\/359"}],"wp:attachment":[{"href":"https:\/\/www.pide15.fi\/index.php?rest_route=%2Fwp%2Fv2%2Fmedia&parent=178"}],"curies":[{"name":"wp","href":"https:\/\/api.w.org\/{rel}","templated":true}]}}